{"id":25,"date":"2020-11-05T20:18:43","date_gmt":"2020-11-05T20:18:43","guid":{"rendered":"https:\/\/www.loadcargo.com\/web\/?page_id=25"},"modified":"2020-11-17T22:13:19","modified_gmt":"2020-11-17T22:13:19","slug":"seguridad-y-salud-en-el-trabajo-y-medio-ambiente","status":"publish","type":"page","link":"https:\/\/www.loadcargo.com\/web\/seguridad-y-salud-en-el-trabajo-y-medio-ambiente\/","title":{"rendered":"SEGURIDAD Y SALUD EN EL TRABAJO Y MEDIO AMBIENTE"},"content":{"rendered":"<p>[et_pb_section fb_built=\u00bb1&#8243; _builder_version=\u00bb4.6.6&#8243; _module_preset=\u00bbdefault\u00bb background_color=\u00bbrgba(4,113,55,0.55)\u00bb background_image=\u00bbhttps:\/\/www.loadcargo.com\/web\/wp-content\/uploads\/2020\/11\/fondo_encabezado_politicas_2000x700-3.jpg\u00bb background_blend=\u00bbmultiply\u00bb hover_enabled=\u00bb0&#8243; title_text=\u00bbfondo_encabezado_politicas_2000x700&#8243; sticky_enabled=\u00bb0&#8243;][et_pb_row _builder_version=\u00bb4.6.6&#8243; _module_preset=\u00bbdefault\u00bb][et_pb_column type=\u00bb4_4&#8243; _builder_version=\u00bb4.6.6&#8243; _module_preset=\u00bbdefault\u00bb][et_pb_text _builder_version=\u00bb4.6.6&#8243; _module_preset=\u00bbdefault\u00bb text_font=\u00bbRoboto|700|||||||\u00bb text_text_color=\u00bb#FFFFFF\u00bb text_font_size=\u00bb45px\u00bb text_orientation=\u00bbcenter\u00bb animation_style=\u00bbzoom\u00bb animation_duration=\u00bb2000ms\u00bb]<\/p>\n<p>Pol\u00edtica de Seguridad y Salud en el Trabajo<\/p>\n<p>y Medio Ambiente<\/p>\n<p>[\/et_pb_text][\/et_pb_column][\/et_pb_row][\/et_pb_section][et_pb_section fb_built=\u00bb1&#8243; _builder_version=\u00bb4.6.6&#8243; _module_preset=\u00bbdefault\u00bb][et_pb_row _builder_version=\u00bb4.6.6&#8243; _module_preset=\u00bbdefault\u00bb][et_pb_column type=\u00bb4_4&#8243; _builder_version=\u00bb4.6.6&#8243; _module_preset=\u00bbdefault\u00bb][et_pb_text _builder_version=\u00bb4.6.6&#8243; _module_preset=\u00bbdefault\u00bb text_font=\u00bbMontserrat||||||||\u00bb text_orientation=\u00bbjustified\u00bb]<\/p>\n<p style=\"text-align: justify;\"><strong>LoadCargoS.A.S.<\/strong> empresa dedicada al transporte de carga por carretera en el territorio nacional y actuando de forma responsable para alcanzar el bienestar integral de nuestros trabajadores, sus familias y el entorno donde se desarrollan sus actividades se compromete con el Sistema de Gesti\u00f3n de Seguridad y Salud en el Trabajo SGSST, dirigiendo sus esfuerzos hacia la prevenci\u00f3n de accidentes de trabajo o enfermedades laborales y la promoci\u00f3n de la salud con el fin de alcanzar el bienestar f\u00edsico, mental y social de la poblaci\u00f3n trabajadora.<\/p>\n<p style=\"text-align: justify;\">Tendr\u00e1 como herramienta una acci\u00f3n continua en la identificaci\u00f3n, evaluaci\u00f3n y control de riesgos, siempre a trav\u00e9s de una adecuada planeaci\u00f3n, programaci\u00f3n e implementaci\u00f3n de los programas de medicina preventiva y del trabajo, higiene y seguridad industrial.<\/p>\n<p style=\"text-align: justify;\">La Compa\u00f1\u00eda, mantendr\u00e1 el liderazgo y la responsabilidad, para que los colaboradores desde su actividad laboral cuenten con los recursos, la asesor\u00eda oportuna y clara para prevenir toda clase de accidentes de trabajo y enfermedades laborales.<\/p>\n<p>[\/et_pb_text][et_pb_text _builder_version=\u00bb4.6.6&#8243; _module_preset=\u00bbdefault\u00bb text_font=\u00bbMontserrat||||||||\u00bb text_orientation=\u00bbjustified\u00bb]<\/p>\n<p style=\"text-align: justify;\"><strong>LoadCargoS.A.S.<\/strong>, consciente de su responsabilidad social, laboral y ambiental como empresa, se compromete como organizaci\u00f3n a:<\/p>\n<p style=\"text-align: justify;\">\n<ol>\n<li style=\"text-align: justify;\">Incorporar la variable ambiental as\u00ed como la seguridad y salud en el trabajo como parte integral del proceso del negocio tanto en las labores diarias como en las decisiones comerciales que puedan tomarse.<\/li>\n<li style=\"text-align: justify;\">Cumplir las leyes y reglamentos vigentes relacionados con el medio ambiente, la seguridad y salud en el trabajo aplicable a nuestra organizaci\u00f3n, as\u00ed como las normas, est\u00e1ndares y procedimientos corporativos.<\/li>\n<li style=\"text-align: justify;\">Prevenir la contaminaci\u00f3n ambiental realizando mejoramientos continuos en nuestros procesos.<\/li>\n<li style=\"text-align: justify;\">Ejecutar permanentemente programas educativos de formaci\u00f3n, capacitaci\u00f3n, entrenamiento y sensibilizaci\u00f3n para mejorar el nivel de conciencia de nuestros colaboradores respecto de la seguridad, salud y medio ambiente.<\/li>\n<li style=\"text-align: justify;\">Sensibilizar con nuestras acciones orientadas hacia la protecci\u00f3n ambiental y la prevenci\u00f3n de los riesgos a todas las partes interesadas como proveedores, contratistas, operadores y comunidades vinculadas, colocando esta pol\u00edtica a disposici\u00f3n del p\u00fablico y difundi\u00e9ndola de manera permanente.<\/li>\n<\/ol>\n<p>[\/et_pb_text][et_pb_text _builder_version=\u00bb4.6.6&#8243; _module_preset=\u00bbdefault\u00bb text_font=\u00bbMontserrat||||||||\u00bb text_orientation=\u00bbjustified\u00bb]<\/p>\n<p style=\"text-align: justify;\">Todos los trabajadores deben aceptar su responsabilidad para cumplir con los requisitos establecidos en el Sistema de Gesti\u00f3n de la Seguridad y Salud en el Trabajo de <strong>LoadCargo S.A.S.<\/strong>, lograr los objetivos trazados y crear una conciencia y cultura de autoprotecci\u00f3n y protecci\u00f3n de compa\u00f1eros.<\/p>\n<p style=\"text-align: justify;\">Para ello cumplimos con la legislaci\u00f3n vigente, la asignaci\u00f3n de recursos f\u00edsicos, econ\u00f3micos, la identificaci\u00f3n, prevenci\u00f3n y control de los riesgos asociados a las actividades, el apoyo a la implementaci\u00f3n del sistema de gesti\u00f3n en seguridad y salud en el trabajo.<\/p>\n<p>[\/et_pb_text][\/et_pb_column][\/et_pb_row][\/et_pb_section]<\/p>\n","protected":false},"excerpt":{"rendered":"<p>Pol\u00edtica de Seguridad y Salud en el Trabajo y Medio AmbienteLoadCargoS.A.S. empresa dedicada al transporte de carga por carretera en el territorio nacional y actuando de forma responsable para alcanzar el bienestar integral de nuestros trabajadores, sus familias y el entorno donde se desarrollan sus actividades se compromete con el Sistema de Gesti\u00f3n de Seguridad [&hellip;]<\/p>\n","protected":false},"author":1,"featured_media":0,"parent":0,"menu_order":0,"comment_status":"closed","ping_status":"closed","template":"","meta":{"_et_pb_use_builder":"on","_et_pb_old_content":"<!-- wp:divi\/placeholder \/-->","_et_gb_content_width":""},"_links":{"self":[{"href":"https:\/\/www.loadcargo.com\/web\/wp-json\/wp\/v2\/pages\/25"}],"collection":[{"href":"https:\/\/www.loadcargo.com\/web\/wp-json\/wp\/v2\/pages"}],"about":[{"href":"https:\/\/www.loadcargo.com\/web\/wp-json\/wp\/v2\/types\/page"}],"author":[{"embeddable":true,"href":"https:\/\/www.loadcargo.com\/web\/wp-json\/wp\/v2\/users\/1"}],"replies":[{"embeddable":true,"href":"https:\/\/www.loadcargo.com\/web\/wp-json\/wp\/v2\/comments?post=25"}],"version-history":[{"count":12,"href":"https:\/\/www.loadcargo.com\/web\/wp-json\/wp\/v2\/pages\/25\/revisions"}],"predecessor-version":[{"id":397,"href":"https:\/\/www.loadcargo.com\/web\/wp-json\/wp\/v2\/pages\/25\/revisions\/397"}],"wp:attachment":[{"href":"https:\/\/www.loadcargo.com\/web\/wp-json\/wp\/v2\/media?parent=25"}],"curies":[{"name":"wp","href":"https:\/\/api.w.org\/{rel}","templated":true}]}}