{"id":23,"date":"2020-11-05T20:17:48","date_gmt":"2020-11-05T20:17:48","guid":{"rendered":"https:\/\/www.loadcargo.com\/web\/?page_id=23"},"modified":"2020-11-17T22:12:13","modified_gmt":"2020-11-17T22:12:13","slug":"seguridad-vial","status":"publish","type":"page","link":"https:\/\/www.loadcargo.com\/web\/seguridad-vial\/","title":{"rendered":"SEGURIDAD VIAL"},"content":{"rendered":"<p>[et_pb_section fb_built=\u00bb1&#8243; _builder_version=\u00bb4.6.6&#8243; _module_preset=\u00bbdefault\u00bb background_color=\u00bbrgba(4,113,55,0.55)\u00bb background_image=\u00bbhttps:\/\/www.loadcargo.com\/web\/wp-content\/uploads\/2020\/11\/fondo_encabezado_politicas_2000x700-3.jpg\u00bb background_blend=\u00bbmultiply\u00bb hover_enabled=\u00bb0&#8243; title_text=\u00bbfondo_encabezado_politicas_2000x700&#8243; sticky_enabled=\u00bb0&#8243;][et_pb_row _builder_version=\u00bb4.6.6&#8243; _module_preset=\u00bbdefault\u00bb][et_pb_column type=\u00bb4_4&#8243; _builder_version=\u00bb4.6.6&#8243; _module_preset=\u00bbdefault\u00bb][et_pb_text _builder_version=\u00bb4.6.6&#8243; _module_preset=\u00bbdefault\u00bb text_font=\u00bbRoboto|700|||||||\u00bb text_text_color=\u00bb#FFFFFF\u00bb text_font_size=\u00bb45px\u00bb text_orientation=\u00bbcenter\u00bb animation_style=\u00bbzoom\u00bb animation_duration=\u00bb2000ms\u00bb]<\/p>\n<p>Pol\u00edtica de Seguridad Vial<\/p>\n<p>[\/et_pb_text][\/et_pb_column][\/et_pb_row][\/et_pb_section][et_pb_section fb_built=\u00bb1&#8243; _builder_version=\u00bb4.6.6&#8243; _module_preset=\u00bbdefault\u00bb][et_pb_row _builder_version=\u00bb4.6.6&#8243; _module_preset=\u00bbdefault\u00bb][et_pb_column type=\u00bb4_4&#8243; _builder_version=\u00bb4.6.6&#8243; _module_preset=\u00bbdefault\u00bb][et_pb_text _builder_version=\u00bb4.6.6&#8243; _module_preset=\u00bbdefault\u00bb text_font=\u00bbMontserrat||||||||\u00bb text_orientation=\u00bbjustified\u00bb]<\/p>\n<p style=\"text-align: justify;\"><strong>LoadCargo S.A.S.<\/strong>, es una organizaci\u00f3n comprometida con la seguridad vial por medio de la cual refuerza el\u00a0cumplimiento de la legislaci\u00f3n colombiana en relaci\u00f3n con las normas de tr\u00e1nsito y transporte,\u00a0implementando altos est\u00e1ndares en seguridad vial en su gesti\u00f3n operacional y administrativa, los cuales\u00a0aplican a todos los funcionarios, contratistas y subcontratistas, que participen en las operaciones y actividad comercial de la organizaci\u00f3n. As\u00ed mismo cuenta con personal calificado, aporta los recursos tecnol\u00f3gicos adecuados a las necesidades de la organizaci\u00f3n y provisiona los recursos econ\u00f3micos indispensables para su mantenimiento y mejora continua, enfocando su gesti\u00f3n hacia el logro de sus objetivos, por lo cual se establece:<\/p>\n<p style=\"text-align: justify;\"><strong>REGULACI\u00d3N DE VELOCIDAD<\/strong><\/p>\n<p style=\"text-align: justify;\"><strong>LoadCargo S.A.S.<\/strong>, regula el control de la velocidad respetando y cumpliendo las normas de tr\u00e1nsito de la\u00a0siguiente manera: 60 KM\/H con carga, 80 KM\/H sin carga en carretera teniendo en cuenta que para estas\u00a0velocidades entre sesenta (60) y ochenta (80) kil\u00f3metros por hora, debe haber una distancia entre veh\u00edculos en carretera de veinticinco (25) metros. Esto con el fin de proteger a todos los actores de la v\u00eda, para lograr la adecuada adaptaci\u00f3n y reacci\u00f3n ante los riegos que se generan por los excesos de velocidad propios o de terceros.<\/p>\n<p style=\"text-align: justify;\"><strong>USO DEL CINTURON DE SEGURIDAD<\/strong><\/p>\n<p style=\"text-align: justify;\">Todos los conductores vinculados a <strong>LoadCargoS.A.S.<\/strong>, deber\u00e1n hacer uso obligatorio del cintur\u00f3n de seguridad del veh\u00edculo en todos los desplazamientos sin importar la distancia del viaje. Adem\u00e1s, todos los veh\u00edculos deber\u00e1n tener cinturones de seguridad de acuerdo con la reglamentaci\u00f3n vigente lo cual se revisa y verifica el funcionamiento del cintur\u00f3n se evidencia en la inspecci\u00f3n del veh\u00edculo. La no utilizaci\u00f3n de este dar\u00e1 lugar a llamados de atenci\u00f3n y sanciones para lo cual la empresa realizar\u00e1 inspecciones en ruta aleatorias, pruebas de ruta aleatoria y control en los lugares de acceso a sus instalaciones.<\/p>\n<p style=\"text-align: justify;\"><strong>NO USO DE EQUIPOS DE COMUNICACI\u00d3NES M\u00d3VILES MIENTRAS SE CONDUCE<\/strong><\/p>\n<p style=\"text-align: justify;\">Los conductores vinculados a <strong>LoadCargoS.A.S.<\/strong>, podr\u00e1n hacer uso de sus equipos de comunicaci\u00f3n solamente\u00a0para fines de su actividad. Sin olvidar que el conductor deber\u00e1 estacionar el veh\u00edculo en un lugar seguro para poder hacer uso de su equipo de comunicaciones. Se proh\u00edbe el uso de los equipos de comunicaciones para hablar enviar o recibir mensajes de texto y chat mientras se conduce. El no cumplimiento lo dispuesto en la Ley 769 de 2002 \u201cC\u00f3digo Nacional de Tr\u00e1nsito\u201d respecto al uso de equipos de comunicaci\u00f3n m\u00f3viles incurrir\u00e1 en sanciones legales y monetarias.<\/p>\n<p style=\"text-align: justify;\">La vigencia de la presente pol\u00edtica rige a partir de su fecha de autorizaci\u00f3n.<\/p>\n<p>[\/et_pb_text][\/et_pb_column][\/et_pb_row][\/et_pb_section]<\/p>\n","protected":false},"excerpt":{"rendered":"<p>Pol\u00edtica de Seguridad VialLoadCargo S.A.S., es una organizaci\u00f3n comprometida con la seguridad vial por medio de la cual refuerza el\u00a0cumplimiento de la legislaci\u00f3n colombiana en relaci\u00f3n con las normas de tr\u00e1nsito y transporte,\u00a0implementando altos est\u00e1ndares en seguridad vial en su gesti\u00f3n operacional y administrativa, los cuales\u00a0aplican a todos los funcionarios, contratistas y subcontratistas, que participen [&hellip;]<\/p>\n","protected":false},"author":1,"featured_media":0,"parent":0,"menu_order":0,"comment_status":"closed","ping_status":"closed","template":"","meta":{"_et_pb_use_builder":"on","_et_pb_old_content":"<!-- wp:divi\/placeholder \/-->","_et_gb_content_width":""},"_links":{"self":[{"href":"https:\/\/www.loadcargo.com\/web\/wp-json\/wp\/v2\/pages\/23"}],"collection":[{"href":"https:\/\/www.loadcargo.com\/web\/wp-json\/wp\/v2\/pages"}],"about":[{"href":"https:\/\/www.loadcargo.com\/web\/wp-json\/wp\/v2\/types\/page"}],"author":[{"embeddable":true,"href":"https:\/\/www.loadcargo.com\/web\/wp-json\/wp\/v2\/users\/1"}],"replies":[{"embeddable":true,"href":"https:\/\/www.loadcargo.com\/web\/wp-json\/wp\/v2\/comments?post=23"}],"version-history":[{"count":6,"href":"https:\/\/www.loadcargo.com\/web\/wp-json\/wp\/v2\/pages\/23\/revisions"}],"predecessor-version":[{"id":396,"href":"https:\/\/www.loadcargo.com\/web\/wp-json\/wp\/v2\/pages\/23\/revisions\/396"}],"wp:attachment":[{"href":"https:\/\/www.loadcargo.com\/web\/wp-json\/wp\/v2\/media?parent=23"}],"curies":[{"name":"wp","href":"https:\/\/api.w.org\/{rel}","templated":true}]}}