{"id":16,"date":"2020-11-05T20:14:49","date_gmt":"2020-11-05T20:14:49","guid":{"rendered":"https:\/\/www.loadcargo.com\/web\/?page_id=16"},"modified":"2020-11-17T22:09:55","modified_gmt":"2020-11-17T22:09:55","slug":"politica-anticorrupcion","status":"publish","type":"page","link":"https:\/\/www.loadcargo.com\/web\/politica-anticorrupcion\/","title":{"rendered":"ANTICORRUPCI\u00d3N"},"content":{"rendered":"<p>[et_pb_section fb_built=\u00bb1&#8243; _builder_version=\u00bb4.6.6&#8243; _module_preset=\u00bbdefault\u00bb background_color=\u00bbrgba(4,113,55,0.55)\u00bb background_image=\u00bbhttps:\/\/www.loadcargo.com\/web\/wp-content\/uploads\/2020\/11\/fondo_encabezado_politicas_2000x700-1.jpg\u00bb background_blend=\u00bbmultiply\u00bb hover_enabled=\u00bb0&#8243; title_text=\u00bbfondo_encabezado_politicas_2000x700&#8243; sticky_enabled=\u00bb0&#8243;][et_pb_row _builder_version=\u00bb4.6.6&#8243; _module_preset=\u00bbdefault\u00bb][et_pb_column type=\u00bb4_4&#8243; _builder_version=\u00bb4.6.6&#8243; _module_preset=\u00bbdefault\u00bb][et_pb_text _builder_version=\u00bb4.6.6&#8243; _module_preset=\u00bbdefault\u00bb text_font=\u00bbRoboto|700|||||||\u00bb text_text_color=\u00bb#FFFFFF\u00bb text_font_size=\u00bb45px\u00bb text_orientation=\u00bbcenter\u00bb animation_style=\u00bbzoom\u00bb animation_duration=\u00bb2000ms\u00bb]<\/p>\n<p>Pol\u00edtica Anticorrupci\u00f3n<\/p>\n<p>[\/et_pb_text][\/et_pb_column][\/et_pb_row][\/et_pb_section][et_pb_section fb_built=\u00bb1&#8243; _builder_version=\u00bb4.6.6&#8243; _module_preset=\u00bbdefault\u00bb][et_pb_row _builder_version=\u00bb4.6.6&#8243; _module_preset=\u00bbdefault\u00bb][et_pb_column type=\u00bb4_4&#8243; _builder_version=\u00bb4.6.6&#8243; _module_preset=\u00bbdefault\u00bb][et_pb_text _builder_version=\u00bb4.6.6&#8243; _module_preset=\u00bbdefault\u00bb text_font=\u00bbMontserrat||||||||\u00bb text_orientation=\u00bbjustified\u00bb]<\/p>\n<p style=\"text-align: justify;\">Todo Asociado de Negocio de <strong>LoadCargo S.A.S.<\/strong> est\u00e1 obligado y se compromete mediante la firma del contrato o acuerdo de servicios o del contrato verbal que se celebre para la prestaci\u00f3n de un servicio en particular o en el ejercicio de una labor espec\u00edfica, a:<\/p>\n<p style=\"text-align: justify;\">\n<ul>\n<li style=\"text-align: justify;\">Guardar absoluta reserva y confidencialidad sobre la informaci\u00f3n de <strong>LoadCargo S.A.S.<\/strong>, a la que tenga acceso o que pueda conocer en raz\u00f3n de los servicios que preste a la empresa o como resultado de v\u00ednculo laboral o comercial con la misma.<\/li>\n<li style=\"text-align: justify;\">No utilizar dicha informaci\u00f3n confidencial para fines distintos a los requeridos para la ejecuci\u00f3n del servicio o labor que preste a la compa\u00f1\u00eda, as\u00ed como tambi\u00e9n a no entregar a terceros de manera verbal o f\u00edsica la informaci\u00f3n de <strong>LoadCargo S.A.S.<\/strong> a la que tenga acceso bajo ninguna circunstancia, a devolverla cuando le sea requerida y a no compartirla una vez finalizada la relaci\u00f3n laboral o comercial con la empresa.<\/li>\n<li style=\"text-align: justify;\">A indemnizar a <strong>LoadCargo S.A.S.<\/strong>, por los perjuicios y afectaciones generadas en caso, comprobado, que se llegare a filtrar informaci\u00f3n confidencial de <strong>LoadCargo S.A.S.<\/strong>, por el mal uso y manejo inadecuado de \u00e9sta por parte de alg\u00fan Asociado de Negocio. El c\u00e1lculo de la indemnizaci\u00f3n se establecer\u00e1 para cada caso<\/li>\n<\/ul>\n<p>[\/et_pb_text][et_pb_text _builder_version=\u00bb4.6.6&#8243; _module_preset=\u00bbdefault\u00bb text_font=\u00bbMontserrat||||||||\u00bb text_orientation=\u00bbjustified\u00bb]<\/p>\n<p style=\"text-align: justify;\"><strong>LoadCargo S.A.S.<\/strong>, prohibir\u00e1 cualquier tipo de pr\u00e1cticas considerada de corrupci\u00f3n, en todo momento y en\u00a0cualquier forma, en relaci\u00f3n con sus Asociados de Negocio, ya sea que estas pr\u00e1cticas se realicen directa o indirectamente, incluso a trav\u00e9s de terceros, y alienta a informar tales intentos a trav\u00e9s de los mecanismos de presentaci\u00f3n de informes de manera formal e informal, a menos que la presentaci\u00f3n del informe sea considera contraproducente seg\u00fan las circunstancias.<\/p>\n<p style=\"text-align: justify;\">Ante el incumplimiento de la presente pol\u00edtica <strong>LoadCargoS.A.S.<\/strong>, dar\u00e1 por terminado de manera inmediata, y sin necedidad de explicaci\u00f3n o reintegro alguno, el contrato escrito o verbal o el acuerdo de servicios generado con el Asociado que incurra en el incumplimiento o falta y se adelantar\u00e1n los procesos judiciales y administrativos que apliquen seg\u00fan la ley y normatividad vigente aplicable.<\/p>\n<p>[\/et_pb_text][et_pb_text _builder_version=\u00bb4.6.6&#8243; _module_preset=\u00bbdefault\u00bb text_font=\u00bbMontserrat||||||||\u00bb text_orientation=\u00bbjustified\u00bb]<\/p>\n<p style=\"text-align: justify;\">Para el objetivo de la presente Pol\u00edtica se considerar\u00e1n como:<\/p>\n<ul>\n<li style=\"text-align: justify;\"><strong>Asociado de Negocio:<\/strong> Todo cliente, contratista, proveedor, trabajador y\/o funcionario y\/o intermediario.<\/li>\n<li style=\"text-align: justify;\"><strong>Informaci\u00f3n de LoadCargo S.A.S.<\/strong>: Cualquier dato impreso o digital como formatos, registros, documentos,<br \/> dibujo, fotograf\u00eda, software, multimedia, desarrollo, dise\u00f1o, logo, idea promocional, lista de asociados de negocios, datos de asociados de negocios, pr\u00e1cticas, informaci\u00f3n de precios, procesos, pruebas, concepto, f\u00f3rmulas, m\u00e9todos, informaci\u00f3n de mercado, t\u00e9cnicas, publicidad, negocio, fondos de empresa, sus afiliados o entidades relacionadas.<\/li>\n<li style=\"text-align: justify;\"><strong>Pr\u00e1cticas de Corrupci\u00f3n:<\/strong><\/li>\n<\/ul>\n<p>[\/et_pb_text][et_pb_text _builder_version=\u00bb4.6.6&#8243; _module_preset=\u00bbdefault\u00bb text_font=\u00bbMontserrat||||||||\u00bb text_orientation=\u00bbjustified\u00bb width=\u00bb96%\u00bb module_alignment=\u00bbright\u00bb custom_margin=\u00bb-39px||||false|false\u00bb]<\/p>\n<ul>\n<li style=\"text-align: justify;\"><strong>Soborno:<\/strong> Oferta, promesa, entrega, autorizaci\u00f3n o aceptaci\u00f3n de cualquier moneda indebida u otra ventaja , por o para cualquiera de los Asociados de Negocio o cualquier otra persona con el fin de obtener o retener un negocios u otra ventaja indebida.<\/li>\n<li style=\"text-align: justify;\"><strong>Extorsi\u00f3n:<\/strong> Solicitud o exigencia de un soborno, independientemente de que est\u00e9 asociado a una amenaza, se opondr\u00e1 a cualquier intento de Extorsi\u00f3n o Solicitud.<\/li>\n<li style=\"text-align: justify;\"><strong>Negocio de Influencias:<\/strong> Oferta o solicitud de una ventaja indebida para ejercer un poder indebido, real o supuesta influencia con el fin de obtener una ventaja indebida para cualquier otra persona.<\/li>\n<\/ul>\n<p>[\/et_pb_text][\/et_pb_column][\/et_pb_row][\/et_pb_section]<\/p>\n","protected":false},"excerpt":{"rendered":"<p>Pol\u00edtica Anticorrupci\u00f3nTodo Asociado de Negocio de LoadCargo S.A.S. est\u00e1 obligado y se compromete mediante la firma del contrato o acuerdo de servicios o del contrato verbal que se celebre para la prestaci\u00f3n de un servicio en particular o en el ejercicio de una labor espec\u00edfica, a: Guardar absoluta reserva y confidencialidad sobre la informaci\u00f3n de [&hellip;]<\/p>\n","protected":false},"author":1,"featured_media":0,"parent":0,"menu_order":0,"comment_status":"closed","ping_status":"closed","template":"","meta":{"_et_pb_use_builder":"on","_et_pb_old_content":"<!-- wp:divi\/placeholder \/-->","_et_gb_content_width":""},"_links":{"self":[{"href":"https:\/\/www.loadcargo.com\/web\/wp-json\/wp\/v2\/pages\/16"}],"collection":[{"href":"https:\/\/www.loadcargo.com\/web\/wp-json\/wp\/v2\/pages"}],"about":[{"href":"https:\/\/www.loadcargo.com\/web\/wp-json\/wp\/v2\/types\/page"}],"author":[{"embeddable":true,"href":"https:\/\/www.loadcargo.com\/web\/wp-json\/wp\/v2\/users\/1"}],"replies":[{"embeddable":true,"href":"https:\/\/www.loadcargo.com\/web\/wp-json\/wp\/v2\/comments?post=16"}],"version-history":[{"count":19,"href":"https:\/\/www.loadcargo.com\/web\/wp-json\/wp\/v2\/pages\/16\/revisions"}],"predecessor-version":[{"id":391,"href":"https:\/\/www.loadcargo.com\/web\/wp-json\/wp\/v2\/pages\/16\/revisions\/391"}],"wp:attachment":[{"href":"https:\/\/www.loadcargo.com\/web\/wp-json\/wp\/v2\/media?parent=16"}],"curies":[{"name":"wp","href":"https:\/\/api.w.org\/{rel}","templated":true}]}}