{"id":155,"date":"2020-11-11T01:19:28","date_gmt":"2020-11-11T01:19:28","guid":{"rendered":"https:\/\/www.loadcargo.com\/web\/?page_id=155"},"modified":"2020-11-17T22:21:56","modified_gmt":"2020-11-17T22:21:56","slug":"experiencia","status":"publish","type":"page","link":"https:\/\/www.loadcargo.com\/web\/experiencia\/","title":{"rendered":"EXPERIENCIA"},"content":{"rendered":"<p>[et_pb_section fb_built=\u00bb1&#8243; _builder_version=\u00bb4.6.6&#8243; _module_preset=\u00bbdefault\u00bb background_color=\u00bbrgba(4,113,55,0.55)\u00bb background_image=\u00bbhttps:\/\/www.loadcargo.com\/web\/wp-content\/uploads\/2020\/11\/fondo_encabezado_experiencia_2000x700.jpg\u00bb background_blend=\u00bbmultiply\u00bb hover_enabled=\u00bb0&#8243; title_text=\u00bbfondo_encabezado_experiencia_2000x700&#8243; sticky_enabled=\u00bb0&#8243;][et_pb_row _builder_version=\u00bb4.6.6&#8243; _module_preset=\u00bbdefault\u00bb][et_pb_column type=\u00bb4_4&#8243; _builder_version=\u00bb4.6.6&#8243; _module_preset=\u00bbdefault\u00bb][et_pb_text _builder_version=\u00bb4.6.6&#8243; _module_preset=\u00bbdefault\u00bb text_font=\u00bbRoboto|700|||||||\u00bb text_text_color=\u00bb#FFFFFF\u00bb text_font_size=\u00bb45px\u00bb text_orientation=\u00bbcenter\u00bb animation_style=\u00bbzoom\u00bb animation_duration=\u00bb2000ms\u00bb]<\/p>\n<p>Experiencia<\/p>\n<p>[\/et_pb_text][\/et_pb_column][\/et_pb_row][\/et_pb_section][et_pb_section fb_built=\u00bb1&#8243; _builder_version=\u00bb4.6.6&#8243; _module_preset=\u00bbdefault\u00bb][et_pb_row _builder_version=\u00bb4.6.6&#8243; _module_preset=\u00bbdefault\u00bb][et_pb_column type=\u00bb4_4&#8243; _builder_version=\u00bb4.6.6&#8243; _module_preset=\u00bbdefault\u00bb][et_pb_text _builder_version=\u00bb4.6.6&#8243; _module_preset=\u00bbdefault\u00bb text_font=\u00bbMontserrat||||||||\u00bb text_orientation=\u00bbjustified\u00bb]<\/p>\n<p style=\"text-align: justify;\">Una trayectoria de cumplimiento y servicio especializado posiciona a Load Cargo como un jugador competitivo e id\u00f3neo para el transporte de mercanc\u00edas en Colombia. Lo anterior es fundamental en momentos en donde los clientes requieren de aliados estrat\u00e9gicos expertos para su gesti\u00f3n log\u00edstica de transporte y distribuci\u00f3n, que proyecten y posicionen su visi\u00f3n en mercados cada vez exigentes y competitivos, donde no hay lugar a vac\u00edos que afecten los procesos log\u00edsticos como entregas y manejo de inventarios.<\/p>\n<p>[\/et_pb_text][et_pb_text _builder_version=\u00bb4.6.6&#8243; _module_preset=\u00bbdefault\u00bb text_font=\u00bbMontserrat||||||||\u00bb]<\/p>\n<p><strong>Algunos de nuestros clientes a lo largo de estos 20 a\u00f1os:<\/strong><\/p>\n<p><strong><\/strong><\/p>\n<p><strong><\/strong><\/p>\n<ul>\n<li>Propal S.A. \/ Carvajal Pulpa y Papel<\/li>\n<li>Papeles del Cauca S.A.<\/li>\n<li>Dispapeles S.A.<\/li>\n<li>Coocarbocuba LTDA.<\/li>\n<li>Coca Cola FEMSA<\/li>\n<li>Ladrillera Santa Fe<\/li>\n<li>Corona<\/li>\n<li>Productos Qu\u00edmicos Panamericanos<\/li>\n<li>Panamericana<\/li>\n<li>Quebecor World<\/li>\n<li>Propandina<\/li>\n<li>Biofilm<\/li>\n<li>Comolsa<\/li>\n<li>Cementos Argos<\/li>\n<li>Cementos 1 A<\/li>\n<li>Aceros Diaco<\/li>\n<\/ul>\n<p>[\/et_pb_text][\/et_pb_column][\/et_pb_row][\/et_pb_section]<\/p>\n","protected":false},"excerpt":{"rendered":"<p>ExperienciaUna trayectoria de cumplimiento y servicio especializado posiciona a Load Cargo como un jugador competitivo e id\u00f3neo para el transporte de mercanc\u00edas en Colombia. Lo anterior es fundamental en momentos en donde los clientes requieren de aliados estrat\u00e9gicos expertos para su gesti\u00f3n log\u00edstica de transporte y distribuci\u00f3n, que proyecten y posicionen su visi\u00f3n en mercados [&hellip;]<\/p>\n","protected":false},"author":1,"featured_media":0,"parent":0,"menu_order":0,"comment_status":"closed","ping_status":"closed","template":"","meta":{"_et_pb_use_builder":"on","_et_pb_old_content":"","_et_gb_content_width":""},"_links":{"self":[{"href":"https:\/\/www.loadcargo.com\/web\/wp-json\/wp\/v2\/pages\/155"}],"collection":[{"href":"https:\/\/www.loadcargo.com\/web\/wp-json\/wp\/v2\/pages"}],"about":[{"href":"https:\/\/www.loadcargo.com\/web\/wp-json\/wp\/v2\/types\/page"}],"author":[{"embeddable":true,"href":"https:\/\/www.loadcargo.com\/web\/wp-json\/wp\/v2\/users\/1"}],"replies":[{"embeddable":true,"href":"https:\/\/www.loadcargo.com\/web\/wp-json\/wp\/v2\/comments?post=155"}],"version-history":[{"count":4,"href":"https:\/\/www.loadcargo.com\/web\/wp-json\/wp\/v2\/pages\/155\/revisions"}],"predecessor-version":[{"id":408,"href":"https:\/\/www.loadcargo.com\/web\/wp-json\/wp\/v2\/pages\/155\/revisions\/408"}],"wp:attachment":[{"href":"https:\/\/www.loadcargo.com\/web\/wp-json\/wp\/v2\/media?parent=155"}],"curies":[{"name":"wp","href":"https:\/\/api.w.org\/{rel}","templated":true}]}}