{"id":145,"date":"2020-11-11T01:11:16","date_gmt":"2020-11-11T01:11:16","guid":{"rendered":"https:\/\/www.loadcargo.com\/web\/?page_id=145"},"modified":"2020-11-17T22:19:03","modified_gmt":"2020-11-17T22:19:03","slug":"servicio","status":"publish","type":"page","link":"https:\/\/www.loadcargo.com\/web\/servicio\/","title":{"rendered":"SERVICIO"},"content":{"rendered":"<p>[et_pb_section fb_built=\u00bb1&#8243; _builder_version=\u00bb4.6.6&#8243; _module_preset=\u00bbdefault\u00bb background_color=\u00bbrgba(4,113,55,0.55)\u00bb background_image=\u00bbhttps:\/\/www.loadcargo.com\/web\/wp-content\/uploads\/2020\/11\/fondo_encabezado_servicio_2000x700.jpg\u00bb background_blend=\u00bbmultiply\u00bb hover_enabled=\u00bb0&#8243; title_text=\u00bbfondo_encabezado_servicio_2000x700&#8243; sticky_enabled=\u00bb0&#8243;][et_pb_row _builder_version=\u00bb4.6.6&#8243; _module_preset=\u00bbdefault\u00bb][et_pb_column type=\u00bb4_4&#8243; _builder_version=\u00bb4.6.6&#8243; _module_preset=\u00bbdefault\u00bb][et_pb_text _builder_version=\u00bb4.6.6&#8243; _module_preset=\u00bbdefault\u00bb text_font=\u00bbRoboto|700|||||||\u00bb text_text_color=\u00bb#FFFFFF\u00bb text_font_size=\u00bb45px\u00bb text_orientation=\u00bbcenter\u00bb animation_style=\u00bbzoom\u00bb animation_duration=\u00bb2000ms\u00bb]<\/p>\n<p>Servicio<\/p>\n<p>[\/et_pb_text][\/et_pb_column][\/et_pb_row][\/et_pb_section][et_pb_section fb_built=\u00bb1&#8243; _builder_version=\u00bb4.6.6&#8243; _module_preset=\u00bbdefault\u00bb][et_pb_row _builder_version=\u00bb4.6.6&#8243; _module_preset=\u00bbdefault\u00bb][et_pb_column type=\u00bb4_4&#8243; _builder_version=\u00bb4.6.6&#8243; _module_preset=\u00bbdefault\u00bb][et_pb_text _builder_version=\u00bb4.6.6&#8243; _module_preset=\u00bbdefault\u00bb text_font=\u00bbMontserrat||||||||\u00bb text_orientation=\u00bbjustified\u00bb]<\/p>\n<p style=\"text-align: justify;\">La operaci\u00f3n de Load Cargo se desarrolla bajo un esquema de servicio en donde, \u201ctransportar s\u00f3lo es una parte de nuestro servicio\u201d. Por esta raz\u00f3n, se proyecta hacia la construcci\u00f3n de alianzas estrat\u00e9gicas con empresas con las que comparta pol\u00edticas de gesti\u00f3n basadas en la seguridad, la eficiencia, el cumplimiento y la legalidad, ajustadas a la realidad de cada uno de sus clientes y a la coyuntura socioecon\u00f3mica, en aras de consolidar su posicionamiento y el futuro y progreso de quienes demandan sus servicios en Colombia.<\/p>\n<p>[\/et_pb_text][et_pb_image src=\u00bbhttps:\/\/www.loadcargo.com\/web\/wp-content\/uploads\/2020\/11\/grafica_servicio.png\u00bb title_text=\u00bbgrafica_servicio\u00bb _builder_version=\u00bb4.6.6&#8243; _module_preset=\u00bbdefault\u00bb animation_style=\u00bbzoom\u00bb animation_duration=\u00bb2000ms\u00bb animation_delay=\u00bb2000ms\u00bb][\/et_pb_image][\/et_pb_column][\/et_pb_row][\/et_pb_section]<\/p>\n","protected":false},"excerpt":{"rendered":"<p>ServicioLa operaci\u00f3n de Load Cargo se desarrolla bajo un esquema de servicio en donde, \u201ctransportar s\u00f3lo es una parte de nuestro servicio\u201d. Por esta raz\u00f3n, se proyecta hacia la construcci\u00f3n de alianzas estrat\u00e9gicas con empresas con las que comparta pol\u00edticas de gesti\u00f3n basadas en la seguridad, la eficiencia, el cumplimiento y la legalidad, ajustadas a [&hellip;]<\/p>\n","protected":false},"author":1,"featured_media":0,"parent":0,"menu_order":0,"comment_status":"closed","ping_status":"closed","template":"","meta":{"_et_pb_use_builder":"on","_et_pb_old_content":"","_et_gb_content_width":""},"_links":{"self":[{"href":"https:\/\/www.loadcargo.com\/web\/wp-json\/wp\/v2\/pages\/145"}],"collection":[{"href":"https:\/\/www.loadcargo.com\/web\/wp-json\/wp\/v2\/pages"}],"about":[{"href":"https:\/\/www.loadcargo.com\/web\/wp-json\/wp\/v2\/types\/page"}],"author":[{"embeddable":true,"href":"https:\/\/www.loadcargo.com\/web\/wp-json\/wp\/v2\/users\/1"}],"replies":[{"embeddable":true,"href":"https:\/\/www.loadcargo.com\/web\/wp-json\/wp\/v2\/comments?post=145"}],"version-history":[{"count":12,"href":"https:\/\/www.loadcargo.com\/web\/wp-json\/wp\/v2\/pages\/145\/revisions"}],"predecessor-version":[{"id":405,"href":"https:\/\/www.loadcargo.com\/web\/wp-json\/wp\/v2\/pages\/145\/revisions\/405"}],"wp:attachment":[{"href":"https:\/\/www.loadcargo.com\/web\/wp-json\/wp\/v2\/media?parent=145"}],"curies":[{"name":"wp","href":"https:\/\/api.w.org\/{rel}","templated":true}]}}