{"id":14,"date":"2020-11-05T20:14:12","date_gmt":"2020-11-05T20:14:12","guid":{"rendered":"https:\/\/www.loadcargo.com\/web\/?page_id=14"},"modified":"2020-11-17T22:10:26","modified_gmt":"2020-11-17T22:10:26","slug":"politica-de-seguridad","status":"publish","type":"page","link":"https:\/\/www.loadcargo.com\/web\/politica-de-seguridad\/","title":{"rendered":"SEGURIDAD"},"content":{"rendered":"<p>[et_pb_section fb_built=\u00bb1&#8243; _builder_version=\u00bb4.6.6&#8243; _module_preset=\u00bbdefault\u00bb background_color=\u00bbrgba(4,113,55,0.55)\u00bb background_image=\u00bbhttps:\/\/www.loadcargo.com\/web\/wp-content\/uploads\/2020\/11\/fondo_encabezado_politicas_2000x700.jpg\u00bb background_blend=\u00bbmultiply\u00bb hover_enabled=\u00bb0&#8243; sticky_enabled=\u00bb0&#8243;][et_pb_row _builder_version=\u00bb4.6.6&#8243; _module_preset=\u00bbdefault\u00bb][et_pb_column type=\u00bb4_4&#8243; _builder_version=\u00bb4.6.6&#8243; _module_preset=\u00bbdefault\u00bb][et_pb_text _builder_version=\u00bb4.6.6&#8243; _module_preset=\u00bbdefault\u00bb text_font=\u00bbRoboto|700|||||||\u00bb text_text_color=\u00bb#FFFFFF\u00bb text_font_size=\u00bb45px\u00bb text_orientation=\u00bbcenter\u00bb animation_style=\u00bbzoom\u00bb animation_duration=\u00bb2000ms\u00bb]<\/p>\n<p>Pol\u00edtica de seguridad<\/p>\n<p>[\/et_pb_text][\/et_pb_column][\/et_pb_row][\/et_pb_section][et_pb_section fb_built=\u00bb1&#8243; _builder_version=\u00bb4.6.6&#8243; _module_preset=\u00bbdefault\u00bb][et_pb_row _builder_version=\u00bb4.6.6&#8243; _module_preset=\u00bbdefault\u00bb][et_pb_column type=\u00bb4_4&#8243; _builder_version=\u00bb4.6.6&#8243; _module_preset=\u00bbdefault\u00bb][et_pb_text _builder_version=\u00bb4.6.6&#8243; _module_preset=\u00bbdefault\u00bb text_font=\u00bbMontserrat||||||||\u00bb text_orientation=\u00bbjustified\u00bb]<\/p>\n<p style=\"text-align: justify;\"><strong>LoadCargo S.A.S.<\/strong>, establece su Pol\u00edtica de Control y Seguridad en el entendido de que la seguridad, el cuidado y manejo efectivo de las mercanc\u00edas y los veh\u00edculos, el cumplimiento de tiempos de operaci\u00f3n y el esp\u00edritu de servicio especializado y 24\/7 es el fundamento de nuestro servicio.<\/p>\n<p style=\"text-align: justify;\">Por ello se compromete a promover mecanismos de prevenci\u00f3n y control de actividades il\u00edcitas, corrupci\u00f3n y soborno, que nos permitan garantizar la integridad de los procesos dentro de nuestra empresa con el fin de anticipar y evitar la materializaci\u00f3n de los riesgos inherentes a nuestra operaci\u00f3n, a trav\u00e9s de la consolidaci\u00f3n de un equipo humano competente y fiable, del cumplimiento de las leyes y normas vigentes y de la mejora continua del SGCS para responder a las exigencias del mercado, a las expectativas de nuestros asociados de negocio, a los desaf\u00edos del sector transportador colombiano y para consolidar nuestro posicionamiento y crecimiento.<\/p>\n<p>[\/et_pb_text][\/et_pb_column][\/et_pb_row][\/et_pb_section]<\/p>\n","protected":false},"excerpt":{"rendered":"<p>Pol\u00edtica de seguridadLoadCargo S.A.S., establece su Pol\u00edtica de Control y Seguridad en el entendido de que la seguridad, el cuidado y manejo efectivo de las mercanc\u00edas y los veh\u00edculos, el cumplimiento de tiempos de operaci\u00f3n y el esp\u00edritu de servicio especializado y 24\/7 es el fundamento de nuestro servicio. Por ello se compromete a promover [&hellip;]<\/p>\n","protected":false},"author":1,"featured_media":0,"parent":0,"menu_order":0,"comment_status":"closed","ping_status":"closed","template":"","meta":{"_et_pb_use_builder":"on","_et_pb_old_content":"<!-- wp:divi\/placeholder \/-->","_et_gb_content_width":""},"_links":{"self":[{"href":"https:\/\/www.loadcargo.com\/web\/wp-json\/wp\/v2\/pages\/14"}],"collection":[{"href":"https:\/\/www.loadcargo.com\/web\/wp-json\/wp\/v2\/pages"}],"about":[{"href":"https:\/\/www.loadcargo.com\/web\/wp-json\/wp\/v2\/types\/page"}],"author":[{"embeddable":true,"href":"https:\/\/www.loadcargo.com\/web\/wp-json\/wp\/v2\/users\/1"}],"replies":[{"embeddable":true,"href":"https:\/\/www.loadcargo.com\/web\/wp-json\/wp\/v2\/comments?post=14"}],"version-history":[{"count":6,"href":"https:\/\/www.loadcargo.com\/web\/wp-json\/wp\/v2\/pages\/14\/revisions"}],"predecessor-version":[{"id":392,"href":"https:\/\/www.loadcargo.com\/web\/wp-json\/wp\/v2\/pages\/14\/revisions\/392"}],"wp:attachment":[{"href":"https:\/\/www.loadcargo.com\/web\/wp-json\/wp\/v2\/media?parent=14"}],"curies":[{"name":"wp","href":"https:\/\/api.w.org\/{rel}","templated":true}]}}